{"id":357,"date":"2024-01-18T11:28:28","date_gmt":"2024-01-18T11:28:28","guid":{"rendered":"https:\/\/crmkonsultant.pl\/blog\/?page_id=357"},"modified":"2025-10-23T09:51:43","modified_gmt":"2025-10-23T09:51:43","slug":"%d0%93%d0%bb%d0%b0%d0%b2%d0%bd%d0%b0%d1%8f","status":"publish","type":"page","link":"https:\/\/crmkonsultant.pl\/blog\/","title":{"rendered":"Strona g\u0142\u00f3wna"},"content":{"rendered":"\t\t<div data-elementor-type=\"wp-page\" data-elementor-id=\"357\" class=\"elementor elementor-357\" data-elementor-post-type=\"page\">\n\t\t\t\t<div class=\"elementor-element elementor-element-cc1a5f7 e-flex e-con-boxed e-con e-parent\" data-id=\"cc1a5f7\" data-element_type=\"container\" data-e-type=\"container\">\n\t\t\t\t\t<div class=\"e-con-inner\">\n\t\t\t\t<div class=\"elementor-element elementor-element-3a66aa6 elementor-widget elementor-widget-heading\" data-id=\"3a66aa6\" data-element_type=\"widget\" data-e-type=\"widget\" data-widget_type=\"heading.default\">\n\t\t\t\t<div class=\"elementor-widget-container\">\n\t\t\t\t\t<h2 class=\"elementor-heading-title elementor-size-default\">Najnowsze<\/h2>\t\t\t\t<\/div>\n\t\t\t\t<\/div>\n\t\t\t\t<div class=\"elementor-element elementor-element-affc701 elementor-grid-3 elementor-grid-tablet-2 elementor-grid-mobile-1 elementor-posts--thumbnail-top elementor-widget elementor-widget-posts\" data-id=\"affc701\" data-element_type=\"widget\" data-e-type=\"widget\" data-settings=\"{&quot;classic_columns&quot;:&quot;3&quot;,&quot;classic_columns_tablet&quot;:&quot;2&quot;,&quot;classic_columns_mobile&quot;:&quot;1&quot;,&quot;classic_row_gap&quot;:{&quot;unit&quot;:&quot;px&quot;,&quot;size&quot;:35,&quot;sizes&quot;:[]},&quot;classic_row_gap_tablet&quot;:{&quot;unit&quot;:&quot;px&quot;,&quot;size&quot;:&quot;&quot;,&quot;sizes&quot;:[]},&quot;classic_row_gap_mobile&quot;:{&quot;unit&quot;:&quot;px&quot;,&quot;size&quot;:&quot;&quot;,&quot;sizes&quot;:[]}}\" data-widget_type=\"posts.classic\">\n\t\t\t\t<div class=\"elementor-widget-container\">\n\t\t\t\t\t\t\t<div class=\"elementor-posts-container elementor-posts elementor-posts--skin-classic elementor-grid\">\n\t\t\t\t<article class=\"elementor-post elementor-grid-item post-2051 post type-post status-publish format-standard has-post-thumbnail hentry category-instrukcje tag-ai tag-ai-docflow tag-bitrix24 tag-crm tag-dokumenty entry has-media\">\n\t\t\t\t<a class=\"elementor-post__thumbnail__link\" href=\"https:\/\/crmkonsultant.pl\/blog\/instrukcje\/instrukcja-korzystania-z-aplikacji-ai-docflow-czesc-2-jak-pracowac-w-aplikacji\/\" tabindex=\"-1\" >\n\t\t\t<div class=\"elementor-post__thumbnail\"><img decoding=\"async\" width=\"300\" height=\"85\" src=\"https:\/\/crmkonsultant.pl\/blog\/wp-content\/uploads\/2026\/04\/Tele-7-300x85.png\" class=\"attachment-medium size-medium wp-image-2053\" alt=\"\" srcset=\"https:\/\/crmkonsultant.pl\/blog\/wp-content\/uploads\/2026\/04\/Tele-7-300x85.png 300w, https:\/\/crmkonsultant.pl\/blog\/wp-content\/uploads\/2026\/04\/Tele-7-1024x291.png 1024w, https:\/\/crmkonsultant.pl\/blog\/wp-content\/uploads\/2026\/04\/Tele-7-768x219.png 768w, https:\/\/crmkonsultant.pl\/blog\/wp-content\/uploads\/2026\/04\/Tele-7.png 1300w\" sizes=\"(max-width: 300px) 100vw, 300px\" \/><\/div>\n\t\t<\/a>\n\t\t\t\t<div class=\"elementor-post__text\">\n\t\t\t\t<h3 class=\"elementor-post__title\">\n\t\t\t<a href=\"https:\/\/crmkonsultant.pl\/blog\/instrukcje\/instrukcja-korzystania-z-aplikacji-ai-docflow-czesc-2-jak-pracowac-w-aplikacji\/\" >\n\t\t\t\tInstrukcja korzystania z aplikacji AI DocFlow (Cz\u0119\u015b\u0107 2. Jak pracowa\u0107 w aplikacji?)\t\t\t<\/a>\n\t\t<\/h3>\n\t\t\t\t<div class=\"elementor-post__meta-data\">\n\t\t\t\t\t<span class=\"elementor-post-date\">\n\t\t\t16 kwietnia, 2026\t\t<\/span>\n\t\t\t\t<\/div>\n\t\t\n\t\t<a class=\"elementor-post__read-more\" href=\"https:\/\/crmkonsultant.pl\/blog\/instrukcje\/instrukcja-korzystania-z-aplikacji-ai-docflow-czesc-2-jak-pracowac-w-aplikacji\/\" aria-label=\"Read more about Instrukcja korzystania z aplikacji AI DocFlow (Cz\u0119\u015b\u0107 2. Jak pracowa\u0107 w aplikacji?)\" tabindex=\"-1\" >\n\t\t\tOtw\u00f3rz stron\u0119 \u2192\t\t<\/a>\n\n\t\t\t\t<\/div>\n\t\t\t\t<\/article>\n\t\t\t\t<article class=\"elementor-post elementor-grid-item post-2050 post type-post status-publish format-standard has-post-thumbnail hentry category-instrukcje tag-ai tag-ai-docflow tag-bitrix24 tag-crm tag-dokumenty entry has-media\">\n\t\t\t\t<a class=\"elementor-post__thumbnail__link\" href=\"https:\/\/crmkonsultant.pl\/blog\/instrukcje\/instrukcja-konfiguracji-aplikacji-ai-docflow-czesc-1-ustawienia-ogolne\/\" tabindex=\"-1\" >\n\t\t\t<div class=\"elementor-post__thumbnail\"><img decoding=\"async\" width=\"300\" height=\"85\" src=\"https:\/\/crmkonsultant.pl\/blog\/wp-content\/uploads\/2026\/04\/Tele-7-300x85.png\" class=\"attachment-medium size-medium wp-image-2053\" alt=\"\" srcset=\"https:\/\/crmkonsultant.pl\/blog\/wp-content\/uploads\/2026\/04\/Tele-7-300x85.png 300w, https:\/\/crmkonsultant.pl\/blog\/wp-content\/uploads\/2026\/04\/Tele-7-1024x291.png 1024w, https:\/\/crmkonsultant.pl\/blog\/wp-content\/uploads\/2026\/04\/Tele-7-768x219.png 768w, https:\/\/crmkonsultant.pl\/blog\/wp-content\/uploads\/2026\/04\/Tele-7.png 1300w\" sizes=\"(max-width: 300px) 100vw, 300px\" \/><\/div>\n\t\t<\/a>\n\t\t\t\t<div class=\"elementor-post__text\">\n\t\t\t\t<h3 class=\"elementor-post__title\">\n\t\t\t<a href=\"https:\/\/crmkonsultant.pl\/blog\/instrukcje\/instrukcja-konfiguracji-aplikacji-ai-docflow-czesc-1-ustawienia-ogolne\/\" >\n\t\t\t\tInstrukcja konfiguracji aplikacji AI DocFlow (Cz\u0119\u015b\u0107 1. Ustawienia og\u00f3lne)\t\t\t<\/a>\n\t\t<\/h3>\n\t\t\t\t<div class=\"elementor-post__meta-data\">\n\t\t\t\t\t<span class=\"elementor-post-date\">\n\t\t\t16 kwietnia, 2026\t\t<\/span>\n\t\t\t\t<\/div>\n\t\t\n\t\t<a class=\"elementor-post__read-more\" href=\"https:\/\/crmkonsultant.pl\/blog\/instrukcje\/instrukcja-konfiguracji-aplikacji-ai-docflow-czesc-1-ustawienia-ogolne\/\" aria-label=\"Read more about Instrukcja konfiguracji aplikacji AI DocFlow (Cz\u0119\u015b\u0107 1. Ustawienia og\u00f3lne)\" tabindex=\"-1\" >\n\t\t\tOtw\u00f3rz stron\u0119 \u2192\t\t<\/a>\n\n\t\t\t\t<\/div>\n\t\t\t\t<\/article>\n\t\t\t\t<article class=\"elementor-post elementor-grid-item post-2024 post type-post status-publish format-standard has-post-thumbnail hentry category-projekty tag-analityka tag-bitrix24 tag-crm tag-kalendarz-rezerwacji tag-konta-osobiste tag-rezerwacja-zasobow tag-sklep tag-szkola-jazdy tag-zarzadzanie-rezerwacjami entry has-media\">\n\t\t\t\t<a class=\"elementor-post__thumbnail__link\" href=\"https:\/\/crmkonsultant.pl\/blog\/projekty\/zarzadzanie-rezerwacjami\/\" tabindex=\"-1\" >\n\t\t\t<div class=\"elementor-post__thumbnail\"><img fetchpriority=\"high\" decoding=\"async\" width=\"300\" height=\"225\" src=\"https:\/\/crmkonsultant.pl\/blog\/wp-content\/uploads\/2026\/02\/istockphoto-1072268542-612x612-1-300x225.jpg\" class=\"attachment-medium size-medium wp-image-2027\" alt=\"\" srcset=\"https:\/\/crmkonsultant.pl\/blog\/wp-content\/uploads\/2026\/02\/istockphoto-1072268542-612x612-1-300x225.jpg 300w, https:\/\/crmkonsultant.pl\/blog\/wp-content\/uploads\/2026\/02\/istockphoto-1072268542-612x612-1.jpg 612w\" sizes=\"(max-width: 300px) 100vw, 300px\" \/><\/div>\n\t\t<\/a>\n\t\t\t\t<div class=\"elementor-post__text\">\n\t\t\t\t<h3 class=\"elementor-post__title\">\n\t\t\t<a href=\"https:\/\/crmkonsultant.pl\/blog\/projekty\/zarzadzanie-rezerwacjami\/\" >\n\t\t\t\tZarz\u0105dzanie rezerwacjami (rezerwacja zasob\u00f3w): jak organizowa\u0107 procesy bezpo\u015brednio w CRM\t\t\t<\/a>\n\t\t<\/h3>\n\t\t\t\t<div class=\"elementor-post__meta-data\">\n\t\t\t\t\t<span class=\"elementor-post-date\">\n\t\t\t12 lutego, 2026\t\t<\/span>\n\t\t\t\t<\/div>\n\t\t\n\t\t<a class=\"elementor-post__read-more\" href=\"https:\/\/crmkonsultant.pl\/blog\/projekty\/zarzadzanie-rezerwacjami\/\" aria-label=\"Read more about Zarz\u0105dzanie rezerwacjami (rezerwacja zasob\u00f3w): jak organizowa\u0107 procesy bezpo\u015brednio w CRM\" tabindex=\"-1\" >\n\t\t\tOtw\u00f3rz stron\u0119 \u2192\t\t<\/a>\n\n\t\t\t\t<\/div>\n\t\t\t\t<\/article>\n\t\t\t\t<article class=\"elementor-post elementor-grid-item post-2003 post type-post status-publish format-standard has-post-thumbnail hentry category-projekty tag-ai tag-bitrix24 tag-crm tag-cv tag-hr entry has-media\">\n\t\t\t\t<a class=\"elementor-post__thumbnail__link\" href=\"https:\/\/crmkonsultant.pl\/blog\/projekty\/ai-w-hr-filtrowanie-cv-ocena-kandydatow-redukcja-rutyny-hr-i-poprawa-jakosci-rekrutacji\/\" tabindex=\"-1\" >\n\t\t\t<div class=\"elementor-post__thumbnail\"><img decoding=\"async\" width=\"300\" height=\"141\" src=\"https:\/\/crmkonsultant.pl\/blog\/wp-content\/uploads\/2026\/01\/25072174_2201_w039_n003_88b_p1_88-1-300x141.jpg\" class=\"attachment-medium size-medium wp-image-2007\" alt=\"\" srcset=\"https:\/\/crmkonsultant.pl\/blog\/wp-content\/uploads\/2026\/01\/25072174_2201_w039_n003_88b_p1_88-1-300x141.jpg 300w, https:\/\/crmkonsultant.pl\/blog\/wp-content\/uploads\/2026\/01\/25072174_2201_w039_n003_88b_p1_88-1-1024x482.jpg 1024w, https:\/\/crmkonsultant.pl\/blog\/wp-content\/uploads\/2026\/01\/25072174_2201_w039_n003_88b_p1_88-1-768x361.jpg 768w, https:\/\/crmkonsultant.pl\/blog\/wp-content\/uploads\/2026\/01\/25072174_2201_w039_n003_88b_p1_88-1-1536x723.jpg 1536w, https:\/\/crmkonsultant.pl\/blog\/wp-content\/uploads\/2026\/01\/25072174_2201_w039_n003_88b_p1_88-1-2048x964.jpg 2048w\" sizes=\"(max-width: 300px) 100vw, 300px\" \/><\/div>\n\t\t<\/a>\n\t\t\t\t<div class=\"elementor-post__text\">\n\t\t\t\t<h3 class=\"elementor-post__title\">\n\t\t\t<a href=\"https:\/\/crmkonsultant.pl\/blog\/projekty\/ai-w-hr-filtrowanie-cv-ocena-kandydatow-redukcja-rutyny-hr-i-poprawa-jakosci-rekrutacji\/\" >\n\t\t\t\tAI w HR: filtrowanie CV, ocena kandydat\u00f3w, redukcja rutyny HR i poprawa jako\u015bci rekrutacji\t\t\t<\/a>\n\t\t<\/h3>\n\t\t\t\t<div class=\"elementor-post__meta-data\">\n\t\t\t\t\t<span class=\"elementor-post-date\">\n\t\t\t14 stycznia, 2026\t\t<\/span>\n\t\t\t\t<\/div>\n\t\t\n\t\t<a class=\"elementor-post__read-more\" href=\"https:\/\/crmkonsultant.pl\/blog\/projekty\/ai-w-hr-filtrowanie-cv-ocena-kandydatow-redukcja-rutyny-hr-i-poprawa-jakosci-rekrutacji\/\" aria-label=\"Read more about AI w HR: filtrowanie CV, ocena kandydat\u00f3w, redukcja rutyny HR i poprawa jako\u015bci rekrutacji\" tabindex=\"-1\" >\n\t\t\tOtw\u00f3rz stron\u0119 \u2192\t\t<\/a>\n\n\t\t\t\t<\/div>\n\t\t\t\t<\/article>\n\t\t\t\t<article class=\"elementor-post elementor-grid-item post-1946 post type-post status-publish format-standard has-post-thumbnail hentry category-projekty tag-crm tag-rozwiazania tag-szkola-jazdy entry has-media\">\n\t\t\t\t<a class=\"elementor-post__thumbnail__link\" href=\"https:\/\/crmkonsultant.pl\/blog\/projekty\/jak-szkola-jazdy-zautomatyzowala-nauczanie\/\" tabindex=\"-1\" >\n\t\t\t<div class=\"elementor-post__thumbnail\"><img loading=\"lazy\" decoding=\"async\" width=\"300\" height=\"200\" src=\"https:\/\/crmkonsultant.pl\/blog\/wp-content\/uploads\/2025\/11\/2149891385-1-300x200.jpg\" class=\"attachment-medium size-medium wp-image-1947\" alt=\"\" srcset=\"https:\/\/crmkonsultant.pl\/blog\/wp-content\/uploads\/2025\/11\/2149891385-1-300x200.jpg 300w, https:\/\/crmkonsultant.pl\/blog\/wp-content\/uploads\/2025\/11\/2149891385-1-1024x683.jpg 1024w, https:\/\/crmkonsultant.pl\/blog\/wp-content\/uploads\/2025\/11\/2149891385-1-768x512.jpg 768w, https:\/\/crmkonsultant.pl\/blog\/wp-content\/uploads\/2025\/11\/2149891385-1.jpg 1500w\" sizes=\"(max-width: 300px) 100vw, 300px\" \/><\/div>\n\t\t<\/a>\n\t\t\t\t<div class=\"elementor-post__text\">\n\t\t\t\t<h3 class=\"elementor-post__title\">\n\t\t\t<a href=\"https:\/\/crmkonsultant.pl\/blog\/projekty\/jak-szkola-jazdy-zautomatyzowala-nauczanie\/\" >\n\t\t\t\tJak zautomatyzowali\u015bmy procesy sprzeda\u017cy i szkole\u0144 w szkole jazdy: historia wdro\u017cenia CRM i systemu rezerwacji zaj\u0119\u0107.\t\t\t<\/a>\n\t\t<\/h3>\n\t\t\t\t<div class=\"elementor-post__meta-data\">\n\t\t\t\t\t<span class=\"elementor-post-date\">\n\t\t\t10 listopada, 2025\t\t<\/span>\n\t\t\t\t<\/div>\n\t\t\n\t\t<a class=\"elementor-post__read-more\" href=\"https:\/\/crmkonsultant.pl\/blog\/projekty\/jak-szkola-jazdy-zautomatyzowala-nauczanie\/\" aria-label=\"Read more about Jak zautomatyzowali\u015bmy procesy sprzeda\u017cy i szkole\u0144 w szkole jazdy: historia wdro\u017cenia CRM i systemu rezerwacji zaj\u0119\u0107.\" tabindex=\"-1\" >\n\t\t\tOtw\u00f3rz stron\u0119 \u2192\t\t<\/a>\n\n\t\t\t\t<\/div>\n\t\t\t\t<\/article>\n\t\t\t\t<article class=\"elementor-post elementor-grid-item post-1933 post type-post status-publish format-standard has-post-thumbnail hentry category-projekty entry has-media\">\n\t\t\t\t<a class=\"elementor-post__thumbnail__link\" href=\"https:\/\/crmkonsultant.pl\/blog\/projekty\/integracja-play-crm\/\" tabindex=\"-1\" >\n\t\t\t<div class=\"elementor-post__thumbnail\"><img loading=\"lazy\" decoding=\"async\" width=\"300\" height=\"200\" src=\"https:\/\/crmkonsultant.pl\/blog\/wp-content\/uploads\/2025\/11\/2148499918-300x200.jpg\" class=\"attachment-medium size-medium wp-image-1974\" alt=\"\" srcset=\"https:\/\/crmkonsultant.pl\/blog\/wp-content\/uploads\/2025\/11\/2148499918-300x200.jpg 300w, https:\/\/crmkonsultant.pl\/blog\/wp-content\/uploads\/2025\/11\/2148499918-1024x683.jpg 1024w, https:\/\/crmkonsultant.pl\/blog\/wp-content\/uploads\/2025\/11\/2148499918-768x512.jpg 768w, https:\/\/crmkonsultant.pl\/blog\/wp-content\/uploads\/2025\/11\/2148499918.jpg 1500w\" sizes=\"(max-width: 300px) 100vw, 300px\" \/><\/div>\n\t\t<\/a>\n\t\t\t\t<div class=\"elementor-post__text\">\n\t\t\t\t<h3 class=\"elementor-post__title\">\n\t\t\t<a href=\"https:\/\/crmkonsultant.pl\/blog\/projekty\/integracja-play-crm\/\" >\n\t\t\t\tTelefonia \u2013 bez komplikacji. Naprawd\u0119 prosta i wygodna integracja. Przyk\u0142ad projektu.\t\t\t<\/a>\n\t\t<\/h3>\n\t\t\t\t<div class=\"elementor-post__meta-data\">\n\t\t\t\t\t<span class=\"elementor-post-date\">\n\t\t\t10 listopada, 2025\t\t<\/span>\n\t\t\t\t<\/div>\n\t\t\n\t\t<a class=\"elementor-post__read-more\" href=\"https:\/\/crmkonsultant.pl\/blog\/projekty\/integracja-play-crm\/\" aria-label=\"Read more about Telefonia \u2013 bez komplikacji. Naprawd\u0119 prosta i wygodna integracja. Przyk\u0142ad projektu.\" tabindex=\"-1\" >\n\t\t\tOtw\u00f3rz stron\u0119 \u2192\t\t<\/a>\n\n\t\t\t\t<\/div>\n\t\t\t\t<\/article>\n\t\t\t\t<\/div>\n\t\t\n\t\t\t\t\t\t<\/div>\n\t\t\t\t<\/div>\n\t\t\t\t\t<\/div>\n\t\t\t\t<\/div>\n\t\t<div class=\"elementor-element elementor-element-f68d591 e-flex e-con-boxed e-con e-parent\" data-id=\"f68d591\" data-element_type=\"container\" data-e-type=\"container\">\n\t\t\t\t\t<div class=\"e-con-inner\">\n\t\t\t\t<div class=\"elementor-element elementor-element-14bbd7a elementor-widget elementor-widget-heading\" data-id=\"14bbd7a\" data-element_type=\"widget\" data-e-type=\"widget\" data-widget_type=\"heading.default\">\n\t\t\t\t<div class=\"elementor-widget-container\">\n\t\t\t\t\t<h2 class=\"elementor-heading-title elementor-size-default\">Kategorie<\/h2>\t\t\t\t<\/div>\n\t\t\t\t<\/div>\n\t\t<div class=\"elementor-element elementor-element-a50e169 e-con-full e-flex e-con e-child\" data-id=\"a50e169\" data-element_type=\"container\" data-e-type=\"container\">\n\t\t\t\t<div class=\"elementor-element elementor-element-60c6a22 elementor-widget__width-initial elementor-cta--mobile-layout-image-above elementor-cta--skin-classic elementor-animated-content elementor-bg-transform elementor-bg-transform-zoom-in elementor-widget elementor-widget-call-to-action\" data-id=\"60c6a22\" data-element_type=\"widget\" data-e-type=\"widget\" data-widget_type=\"call-to-action.default\">\n\t\t\t\t<div class=\"elementor-widget-container\">\n\t\t\t\t\t\t\t<div class=\"elementor-cta\">\n\t\t\t\t\t<div class=\"elementor-cta__bg-wrapper\">\n\t\t\t\t<div class=\"elementor-cta__bg elementor-bg\" style=\"background-image: url(https:\/\/crmkonsultant.pl\/blog\/wp-content\/uploads\/2025\/10\/66472.jpg);\" role=\"img\" aria-label=\"\"><\/div>\n\t\t\t\t<div class=\"elementor-cta__bg-overlay\"><\/div>\n\t\t\t<\/div>\n\t\t\t\t\t\t\t<div class=\"elementor-cta__content\">\n\t\t\t\t\n\t\t\t\t\t\t\t\t\t<h2 class=\"elementor-cta__title elementor-cta__content-item elementor-content-item\">\n\t\t\t\t\t\tStudia przypadk\u00f3w\t\t\t\t\t<\/h2>\n\t\t\t\t\n\t\t\t\t\t\t\t\t\t<div class=\"elementor-cta__description elementor-cta__content-item elementor-content-item\">\n\t\t\t\t\t\tHistorie projekt\u00f3w i klient\u00f3w\t\t\t\t\t<\/div>\n\t\t\t\t\n\t\t\t\t\t\t\t\t\t<div class=\"elementor-cta__button-wrapper elementor-cta__content-item elementor-content-item \">\n\t\t\t\t\t<a class=\"elementor-cta__button elementor-button elementor-size-\" href=\"https:\/\/crmkonsultant.pl\/blog\/category\/projekty\/\">\n\t\t\t\t\t\tOtw\u00f3rz\t\t\t\t\t<\/a>\n\t\t\t\t\t<\/div>\n\t\t\t\t\t\t\t<\/div>\n\t\t\t\t\t\t<\/div>\n\t\t\t\t\t\t<\/div>\n\t\t\t\t<\/div>\n\t\t\t\t<div class=\"elementor-element elementor-element-b8a866a elementor-widget__width-initial elementor-cta--skin-classic elementor-animated-content elementor-bg-transform elementor-bg-transform-zoom-in elementor-widget elementor-widget-call-to-action\" data-id=\"b8a866a\" data-element_type=\"widget\" data-e-type=\"widget\" data-widget_type=\"call-to-action.default\">\n\t\t\t\t<div class=\"elementor-widget-container\">\n\t\t\t\t\t\t\t<div class=\"elementor-cta\">\n\t\t\t\t\t<div class=\"elementor-cta__bg-wrapper\">\n\t\t\t\t<div class=\"elementor-cta__bg elementor-bg\" style=\"background-image: url(https:\/\/crmkonsultant.pl\/blog\/wp-content\/uploads\/2025\/10\/Screenshot_107-1024x574.png);\" role=\"img\" aria-label=\"Screenshot_107\"><\/div>\n\t\t\t\t<div class=\"elementor-cta__bg-overlay\"><\/div>\n\t\t\t<\/div>\n\t\t\t\t\t\t\t<div class=\"elementor-cta__content\">\n\t\t\t\t\n\t\t\t\t\t\t\t\t\t<h2 class=\"elementor-cta__title elementor-cta__content-item elementor-content-item\">\n\t\t\t\t\t\tFilmy\t\t\t\t\t<\/h2>\n\t\t\t\t\n\t\t\t\t\t\t\t\t\t<div class=\"elementor-cta__description elementor-cta__content-item elementor-content-item\">\n\t\t\t\t\t\tPrzydatne filmy o CRM, biznesie i praktyce\t\t\t\t\t<\/div>\n\t\t\t\t\n\t\t\t\t\t\t\t\t\t<div class=\"elementor-cta__button-wrapper elementor-cta__content-item elementor-content-item \">\n\t\t\t\t\t<a class=\"elementor-cta__button elementor-button elementor-size-\" href=\"https:\/\/crmkonsultant.pl\/blog\/category\/filmy\/\">\n\t\t\t\t\t\tOtw\u00f3rz\t\t\t\t\t<\/a>\n\t\t\t\t\t<\/div>\n\t\t\t\t\t\t\t<\/div>\n\t\t\t\t\t\t<\/div>\n\t\t\t\t\t\t<\/div>\n\t\t\t\t<\/div>\n\t\t\t\t<\/div>\n\t\t\t\t\t<\/div>\n\t\t\t\t<\/div>\n\t\t\t\t<\/div>\n\t\t","protected":false},"excerpt":{"rendered":"<p>Najnowsze Kategorie Studia przypadk\u00f3w Historie projekt\u00f3w i klient\u00f3w Otw\u00f3rz Filmy Przydatne filmy o CRM, biznesie i praktyce Otw\u00f3rz<\/p>\n","protected":false},"author":1,"featured_media":0,"parent":0,"menu_order":0,"comment_status":"closed","ping_status":"closed","template":"","meta":{"ocean_post_layout":"full-screen","ocean_both_sidebars_style":"","ocean_both_sidebars_content_width":0,"ocean_both_sidebars_sidebars_width":0,"ocean_sidebar":"","ocean_second_sidebar":"","ocean_disable_margins":"on","ocean_add_body_class":"","ocean_shortcode_before_top_bar":"","ocean_shortcode_after_top_bar":"","ocean_shortcode_before_header":"","ocean_shortcode_after_header":"","ocean_has_shortcode":"","ocean_shortcode_after_title":"","ocean_shortcode_before_footer_widgets":"","ocean_shortcode_after_footer_widgets":"","ocean_shortcode_before_footer_bottom":"","ocean_shortcode_after_footer_bottom":"","ocean_display_top_bar":"default","ocean_display_header":"default","ocean_header_style":"","ocean_center_header_left_menu":"","ocean_custom_header_template":"","ocean_custom_logo":0,"ocean_custom_retina_logo":0,"ocean_custom_logo_max_width":0,"ocean_custom_logo_tablet_max_width":0,"ocean_custom_logo_mobile_max_width":0,"ocean_custom_logo_max_height":0,"ocean_custom_logo_tablet_max_height":0,"ocean_custom_logo_mobile_max_height":0,"ocean_header_custom_menu":"","ocean_menu_typo_font_family":"","ocean_menu_typo_font_subset":"","ocean_menu_typo_font_size":0,"ocean_menu_typo_font_size_tablet":0,"ocean_menu_typo_font_size_mobile":0,"ocean_menu_typo_font_size_unit":"px","ocean_menu_typo_font_weight":"","ocean_menu_typo_font_weight_tablet":"","ocean_menu_typo_font_weight_mobile":"","ocean_menu_typo_transform":"","ocean_menu_typo_transform_tablet":"","ocean_menu_typo_transform_mobile":"","ocean_menu_typo_line_height":0,"ocean_menu_typo_line_height_tablet":0,"ocean_menu_typo_line_height_mobile":0,"ocean_menu_typo_line_height_unit":"","ocean_menu_typo_spacing":0,"ocean_menu_typo_spacing_tablet":0,"ocean_menu_typo_spacing_mobile":0,"ocean_menu_typo_spacing_unit":"","ocean_menu_link_color":"","ocean_menu_link_color_hover":"","ocean_menu_link_color_active":"","ocean_menu_link_background":"","ocean_menu_link_hover_background":"","ocean_menu_link_active_background":"","ocean_menu_social_links_bg":"","ocean_menu_social_hover_links_bg":"","ocean_menu_social_links_color":"","ocean_menu_social_hover_links_color":"","ocean_disable_title":"on","ocean_disable_heading":"default","ocean_post_title":"","ocean_post_subheading":"","ocean_post_title_style":"","ocean_post_title_background_color":"","ocean_post_title_background":0,"ocean_post_title_bg_image_position":"","ocean_post_title_bg_image_attachment":"","ocean_post_title_bg_image_repeat":"","ocean_post_title_bg_image_size":"","ocean_post_title_height":0,"ocean_post_title_bg_overlay":0.5,"ocean_post_title_bg_overlay_color":"","ocean_disable_breadcrumbs":"default","ocean_breadcrumbs_color":"","ocean_breadcrumbs_separator_color":"","ocean_breadcrumbs_links_color":"","ocean_breadcrumbs_links_hover_color":"","ocean_display_footer_widgets":"default","ocean_display_footer_bottom":"default","ocean_custom_footer_template":"","footnotes":""},"class_list":["post-357","page","type-page","status-publish","hentry","entry","has-media"],"_links":{"self":[{"href":"https:\/\/crmkonsultant.pl\/blog\/wp-json\/wp\/v2\/pages\/357","targetHints":{"allow":["GET"]}}],"collection":[{"href":"https:\/\/crmkonsultant.pl\/blog\/wp-json\/wp\/v2\/pages"}],"about":[{"href":"https:\/\/crmkonsultant.pl\/blog\/wp-json\/wp\/v2\/types\/page"}],"author":[{"embeddable":true,"href":"https:\/\/crmkonsultant.pl\/blog\/wp-json\/wp\/v2\/users\/1"}],"replies":[{"embeddable":true,"href":"https:\/\/crmkonsultant.pl\/blog\/wp-json\/wp\/v2\/comments?post=357"}],"version-history":[{"count":47,"href":"https:\/\/crmkonsultant.pl\/blog\/wp-json\/wp\/v2\/pages\/357\/revisions"}],"predecessor-version":[{"id":1905,"href":"https:\/\/crmkonsultant.pl\/blog\/wp-json\/wp\/v2\/pages\/357\/revisions\/1905"}],"wp:attachment":[{"href":"https:\/\/crmkonsultant.pl\/blog\/wp-json\/wp\/v2\/media?parent=357"}],"curies":[{"name":"wp","href":"https:\/\/api.w.org\/{rel}","templated":true}]}}